{"id":35,"date":"2025-11-05T16:42:49","date_gmt":"2025-11-05T16:42:49","guid":{"rendered":"https:\/\/stern.xn--rnr-cma7d.se\/?page_id=35"},"modified":"2025-11-08T15:32:54","modified_gmt":"2025-11-08T15:32:54","slug":"hitta-hit","status":"publish","type":"page","link":"https:\/\/stern.xn--rnr-cma7d.se\/index.php\/hitta-hit\/","title":{"rendered":"Hitta hit"},"content":{"rendered":"\n<h4 class=\"wp-block-heading\">S:t Pauli kyrka<\/h4>\n\n\n\n<p class=\"has-black-color has-text-color has-link-color wp-elements-a654dbb096fc147a67b6606d5f607dd8\">\ud83d\udccd<a href=\"https:\/\/maps.app.goo.gl\/v53PfiMoE5XfiRP7A\" target=\"_blank\" rel=\"noreferrer noopener\">Kungsgatan 17, 203 17 Malm\u00f6<\/a><\/p>\n\n\n\n<iframe src=\"https:\/\/www.google.com\/maps\/embed?pb=!1m18!1m12!1m3!1d4507.884092567556!2d13.011809576617127!3d55.603022273029154!2m3!1f0!2f0!3f0!3m2!1i1024!2i768!4f13.1!3m3!1m2!1s0x4653a3e2276046f7%3A0xd5b474e142e2ff6d!2sS%3At%20Pauli%20kyrka!5e0!3m2!1ssv!2sse!4v1762368280410!5m2!1ssv!2sse\" width=\"400\" height=\"300\" style=\"border:0;\" allowfullscreen=\"\" loading=\"lazy\" referrerpolicy=\"no-referrer-when-downgrade\"><\/iframe>\n\n\n\n<h4 class=\"wp-block-heading\">Holman\u00e4s G\u00e5rd<\/h4>\n\n\n\n<p class=\"has-black-color has-text-color has-link-color wp-elements-5f56a02a14d7d9bf513c65ee9009a2d3\">\ud83d\udccd<a href=\"https:\/\/maps.app.goo.gl\/KLQ2YLLHfU65F1Ue8\" target=\"_blank\" rel=\"noreferrer noopener\">Holman\u00e4s, Lyckebov\u00e4gen 248-0, 231 93 Trelleborg<\/a><\/p>\n\n\n\n<iframe src=\"https:\/\/www.google.com\/maps\/embed?pb=!1m18!1m12!1m3!1d2265.8928807371585!2d13.041561676602639!3d55.394774672953744!2m3!1f0!2f0!3f0!3m2!1i1024!2i768!4f13.1!3m3!1m2!1s0x46537338a33d6967%3A0x5a9ec97ef8e105de!2zSG9sbWFuw6RzIEfDpXJk!5e0!3m2!1ssv!2sse!4v1762368112323!5m2!1ssv!2sse\" width=\"400\" height=\"300\" style=\"border:0;\" allowfullscreen=\"\" loading=\"lazy\" referrerpolicy=\"no-referrer-when-downgrade\"><\/iframe>\n","protected":false},"excerpt":{"rendered":"<p>S:t Pauli kyrka \ud83d\udccdKungsgatan 17, 203 17 Malm\u00f6 Holman\u00e4s G\u00e5rd \ud83d\udccdHolman\u00e4s, Lyckebov\u00e4gen 248-0, 231 93 Trelleborg<\/p>\n","protected":false},"author":1,"featured_media":0,"parent":0,"menu_order":4,"comment_status":"closed","ping_status":"closed","template":"","meta":{"_kad_post_transparent":"","_kad_post_title":"","_kad_post_layout":"","_kad_post_sidebar_id":"","_kad_post_content_style":"","_kad_post_vertical_padding":"","_kad_post_feature":"","_kad_post_feature_position":"","_kad_post_header":false,"_kad_post_footer":false,"_kad_post_classname":"","footnotes":""},"class_list":["post-35","page","type-page","status-publish","hentry"],"yoast_head":"<!-- This site is optimized with the Yoast SEO plugin v27.4 - https:\/\/yoast.com\/product\/yoast-seo-wordpress\/ -->\n<title>Hitta hit - Alva &amp; Erik<\/title>\n<meta name=\"robots\" content=\"index, follow, max-snippet:-1, max-image-preview:large, max-video-preview:-1\" \/>\n<link rel=\"canonical\" href=\"https:\/\/stern.xn--rnr-cma7d.se\/index.php\/hitta-hit\/\" \/>\n<meta property=\"og:locale\" content=\"sv_SE\" \/>\n<meta property=\"og:type\" content=\"article\" \/>\n<meta property=\"og:title\" content=\"Hitta hit - Alva &amp; Erik\" \/>\n<meta property=\"og:description\" content=\"S:t Pauli kyrka \ud83d\udccdKungsgatan 17, 203 17 Malm\u00f6 Holman\u00e4s G\u00e5rd \ud83d\udccdHolman\u00e4s, Lyckebov\u00e4gen 248-0, 231 93 Trelleborg\" \/>\n<meta property=\"og:url\" content=\"https:\/\/stern.xn--rnr-cma7d.se\/index.php\/hitta-hit\/\" \/>\n<meta property=\"og:site_name\" content=\"Alva &amp; Erik\" \/>\n<meta property=\"article:modified_time\" content=\"2025-11-08T15:32:54+00:00\" \/>\n<meta name=\"twitter:card\" content=\"summary_large_image\" \/>\n<meta name=\"twitter:label1\" content=\"Ber\u00e4knad l\u00e4stid\" \/>\n\t<meta name=\"twitter:data1\" content=\"1 minut\" \/>\n<script type=\"application\/ld+json\" class=\"yoast-schema-graph\">{\"@context\":\"https:\\\/\\\/schema.org\",\"@graph\":[{\"@type\":\"WebPage\",\"@id\":\"https:\\\/\\\/stern.xn--rnr-cma7d.se\\\/index.php\\\/hitta-hit\\\/\",\"url\":\"https:\\\/\\\/stern.xn--rnr-cma7d.se\\\/index.php\\\/hitta-hit\\\/\",\"name\":\"Hitta hit - Alva &amp; Erik\",\"isPartOf\":{\"@id\":\"https:\\\/\\\/stern.xn--rnr-cma7d.se\\\/#website\"},\"datePublished\":\"2025-11-05T16:42:49+00:00\",\"dateModified\":\"2025-11-08T15:32:54+00:00\",\"breadcrumb\":{\"@id\":\"https:\\\/\\\/stern.xn--rnr-cma7d.se\\\/index.php\\\/hitta-hit\\\/#breadcrumb\"},\"inLanguage\":\"sv-SE\",\"potentialAction\":[{\"@type\":\"ReadAction\",\"target\":[\"https:\\\/\\\/stern.xn--rnr-cma7d.se\\\/index.php\\\/hitta-hit\\\/\"]}]},{\"@type\":\"BreadcrumbList\",\"@id\":\"https:\\\/\\\/stern.xn--rnr-cma7d.se\\\/index.php\\\/hitta-hit\\\/#breadcrumb\",\"itemListElement\":[{\"@type\":\"ListItem\",\"position\":1,\"name\":\"Hem\",\"item\":\"https:\\\/\\\/stern.xn--rnr-cma7d.se\\\/\"},{\"@type\":\"ListItem\",\"position\":2,\"name\":\"Hitta hit\"}]},{\"@type\":\"WebSite\",\"@id\":\"https:\\\/\\\/stern.xn--rnr-cma7d.se\\\/#website\",\"url\":\"https:\\\/\\\/stern.xn--rnr-cma7d.se\\\/\",\"name\":\"Alva &amp; Erik\",\"description\":\"25 april 2026\",\"publisher\":{\"@id\":\"https:\\\/\\\/stern.xn--rnr-cma7d.se\\\/#organization\"},\"potentialAction\":[{\"@type\":\"SearchAction\",\"target\":{\"@type\":\"EntryPoint\",\"urlTemplate\":\"https:\\\/\\\/stern.xn--rnr-cma7d.se\\\/?s={search_term_string}\"},\"query-input\":{\"@type\":\"PropertyValueSpecification\",\"valueRequired\":true,\"valueName\":\"search_term_string\"}}],\"inLanguage\":\"sv-SE\"},{\"@type\":\"Organization\",\"@id\":\"https:\\\/\\\/stern.xn--rnr-cma7d.se\\\/#organization\",\"name\":\"Alva &amp; Erik\",\"url\":\"https:\\\/\\\/stern.xn--rnr-cma7d.se\\\/\",\"logo\":{\"@type\":\"ImageObject\",\"inLanguage\":\"sv-SE\",\"@id\":\"https:\\\/\\\/stern.xn--rnr-cma7d.se\\\/#\\\/schema\\\/logo\\\/image\\\/\",\"url\":\"https:\\\/\\\/stern.xn--rnr-cma7d.se\\\/wp-content\\\/uploads\\\/2025\\\/12\\\/Messenger_creation_1BCCD7C7-6E31-44F4-BA8D-420F342B8197.jpeg\",\"contentUrl\":\"https:\\\/\\\/stern.xn--rnr-cma7d.se\\\/wp-content\\\/uploads\\\/2025\\\/12\\\/Messenger_creation_1BCCD7C7-6E31-44F4-BA8D-420F342B8197.jpeg\",\"width\":2048,\"height\":2039,\"caption\":\"Alva &amp; Erik\"},\"image\":{\"@id\":\"https:\\\/\\\/stern.xn--rnr-cma7d.se\\\/#\\\/schema\\\/logo\\\/image\\\/\"}}]}<\/script>\n<!-- \/ Yoast SEO plugin. -->","yoast_head_json":{"title":"Hitta hit - Alva &amp; Erik","robots":{"index":"index","follow":"follow","max-snippet":"max-snippet:-1","max-image-preview":"max-image-preview:large","max-video-preview":"max-video-preview:-1"},"canonical":"https:\/\/stern.xn--rnr-cma7d.se\/index.php\/hitta-hit\/","og_locale":"sv_SE","og_type":"article","og_title":"Hitta hit - Alva &amp; Erik","og_description":"S:t Pauli kyrka \ud83d\udccdKungsgatan 17, 203 17 Malm\u00f6 Holman\u00e4s G\u00e5rd \ud83d\udccdHolman\u00e4s, Lyckebov\u00e4gen 248-0, 231 93 Trelleborg","og_url":"https:\/\/stern.xn--rnr-cma7d.se\/index.php\/hitta-hit\/","og_site_name":"Alva &amp; Erik","article_modified_time":"2025-11-08T15:32:54+00:00","twitter_card":"summary_large_image","twitter_misc":{"Ber\u00e4knad l\u00e4stid":"1 minut"},"schema":{"@context":"https:\/\/schema.org","@graph":[{"@type":"WebPage","@id":"https:\/\/stern.xn--rnr-cma7d.se\/index.php\/hitta-hit\/","url":"https:\/\/stern.xn--rnr-cma7d.se\/index.php\/hitta-hit\/","name":"Hitta hit - Alva &amp; Erik","isPartOf":{"@id":"https:\/\/stern.xn--rnr-cma7d.se\/#website"},"datePublished":"2025-11-05T16:42:49+00:00","dateModified":"2025-11-08T15:32:54+00:00","breadcrumb":{"@id":"https:\/\/stern.xn--rnr-cma7d.se\/index.php\/hitta-hit\/#breadcrumb"},"inLanguage":"sv-SE","potentialAction":[{"@type":"ReadAction","target":["https:\/\/stern.xn--rnr-cma7d.se\/index.php\/hitta-hit\/"]}]},{"@type":"BreadcrumbList","@id":"https:\/\/stern.xn--rnr-cma7d.se\/index.php\/hitta-hit\/#breadcrumb","itemListElement":[{"@type":"ListItem","position":1,"name":"Hem","item":"https:\/\/stern.xn--rnr-cma7d.se\/"},{"@type":"ListItem","position":2,"name":"Hitta hit"}]},{"@type":"WebSite","@id":"https:\/\/stern.xn--rnr-cma7d.se\/#website","url":"https:\/\/stern.xn--rnr-cma7d.se\/","name":"Alva &amp; Erik","description":"25 april 2026","publisher":{"@id":"https:\/\/stern.xn--rnr-cma7d.se\/#organization"},"potentialAction":[{"@type":"SearchAction","target":{"@type":"EntryPoint","urlTemplate":"https:\/\/stern.xn--rnr-cma7d.se\/?s={search_term_string}"},"query-input":{"@type":"PropertyValueSpecification","valueRequired":true,"valueName":"search_term_string"}}],"inLanguage":"sv-SE"},{"@type":"Organization","@id":"https:\/\/stern.xn--rnr-cma7d.se\/#organization","name":"Alva &amp; Erik","url":"https:\/\/stern.xn--rnr-cma7d.se\/","logo":{"@type":"ImageObject","inLanguage":"sv-SE","@id":"https:\/\/stern.xn--rnr-cma7d.se\/#\/schema\/logo\/image\/","url":"https:\/\/stern.xn--rnr-cma7d.se\/wp-content\/uploads\/2025\/12\/Messenger_creation_1BCCD7C7-6E31-44F4-BA8D-420F342B8197.jpeg","contentUrl":"https:\/\/stern.xn--rnr-cma7d.se\/wp-content\/uploads\/2025\/12\/Messenger_creation_1BCCD7C7-6E31-44F4-BA8D-420F342B8197.jpeg","width":2048,"height":2039,"caption":"Alva &amp; Erik"},"image":{"@id":"https:\/\/stern.xn--rnr-cma7d.se\/#\/schema\/logo\/image\/"}}]}},"_links":{"self":[{"href":"https:\/\/stern.xn--rnr-cma7d.se\/index.php\/wp-json\/wp\/v2\/pages\/35","targetHints":{"allow":["GET"]}}],"collection":[{"href":"https:\/\/stern.xn--rnr-cma7d.se\/index.php\/wp-json\/wp\/v2\/pages"}],"about":[{"href":"https:\/\/stern.xn--rnr-cma7d.se\/index.php\/wp-json\/wp\/v2\/types\/page"}],"author":[{"embeddable":true,"href":"https:\/\/stern.xn--rnr-cma7d.se\/index.php\/wp-json\/wp\/v2\/users\/1"}],"replies":[{"embeddable":true,"href":"https:\/\/stern.xn--rnr-cma7d.se\/index.php\/wp-json\/wp\/v2\/comments?post=35"}],"version-history":[{"count":8,"href":"https:\/\/stern.xn--rnr-cma7d.se\/index.php\/wp-json\/wp\/v2\/pages\/35\/revisions"}],"predecessor-version":[{"id":166,"href":"https:\/\/stern.xn--rnr-cma7d.se\/index.php\/wp-json\/wp\/v2\/pages\/35\/revisions\/166"}],"wp:attachment":[{"href":"https:\/\/stern.xn--rnr-cma7d.se\/index.php\/wp-json\/wp\/v2\/media?parent=35"}],"curies":[{"name":"wp","href":"https:\/\/api.w.org\/{rel}","templated":true}]}}