{"id":23,"date":"2025-11-05T15:59:23","date_gmt":"2025-11-05T15:59:23","guid":{"rendered":"https:\/\/stern.xn--rnr-cma7d.se\/?page_id=23"},"modified":"2026-02-06T14:53:48","modified_gmt":"2026-02-06T14:53:48","slug":"valkommen","status":"publish","type":"page","link":"https:\/\/stern.xn--rnr-cma7d.se\/","title":{"rendered":"V\u00e4lkommen!"},"content":{"rendered":"\n<p class=\"has-text-align-center has-theme-palette-3-color has-text-color has-link-color wp-elements-0b1b8d84ea1d1f79f55332f3446b00a2\">S\u00e5 trevligt att ni n\u00e5tts av den chockerande nyheten om v\u00e5r stundande vigsel! Vem hade kunnat ana? Nu st\u00e5r vi i alla fall inf\u00f6r den stora dagen d\u00e5 vi ska lova varandra evig k\u00e4rlek inf\u00f6r de viktigaste personerna i v\u00e5ra liv. Det \u00e4r d\u00e4r ni kommer in i bilden.&nbsp;<\/p>\n\n\n\n<p class=\"has-text-align-center has-theme-palette-3-color has-text-color has-link-color wp-elements-72dc6f79fb0601f3939a15d662becec9\">M\u00e5nga tips har inkommit ang\u00e5ende hur dagen b\u00e4st b\u00f6r firas (fr\u00e5n folk med b\u00e5de ett och flera gifterm\u00e5l i bagaget) och vi har struntat i n\u00e4stan alla. Hur som helst utlovas \u00e4kta gillest\u00e4mning. Det ska bli s\u00e5 festligt, trevligt och hejdundrande kul att f\u00e5 fira br\u00f6llop med er!&nbsp;<\/p>\n\n\n\n<p class=\"has-text-align-center has-theme-palette-3-color has-text-color has-link-color wp-elements-babc49ef439ce537a7b0524dbdbc0578\">I menyn ovan hittar ni mer hj\u00e4lpsam information.<\/p>\n\n\n\n<p class=\"has-text-align-center has-theme-palette-3-color has-text-color has-link-color wp-elements-ad530634b38e0a585c2df463349889a9\">Kramar fr\u00e5n de unga tu!<\/p>\n\n\n<div class=\"wp-block-image\">\n<figure class=\"aligncenter size-large is-resized has-custom-border\"><img loading=\"lazy\" decoding=\"async\" width=\"994\" height=\"1024\" src=\"https:\/\/stern.xn--rnr-cma7d.se\/wp-content\/uploads\/2025\/12\/Messenger_creation_EED2598A-AC4E-4D5A-BD4C-1E9A27EE020F-994x1024.jpeg\" alt=\"\" class=\"wp-image-228\" style=\"border-style:none;border-width:0px;border-top-left-radius:0px;border-top-right-radius:0px;border-bottom-left-radius:0px;border-bottom-right-radius:0px;width:344px;height:auto\" srcset=\"https:\/\/stern.xn--rnr-cma7d.se\/wp-content\/uploads\/2025\/12\/Messenger_creation_EED2598A-AC4E-4D5A-BD4C-1E9A27EE020F-994x1024.jpeg 994w, https:\/\/stern.xn--rnr-cma7d.se\/wp-content\/uploads\/2025\/12\/Messenger_creation_EED2598A-AC4E-4D5A-BD4C-1E9A27EE020F-291x300.jpeg 291w, https:\/\/stern.xn--rnr-cma7d.se\/wp-content\/uploads\/2025\/12\/Messenger_creation_EED2598A-AC4E-4D5A-BD4C-1E9A27EE020F-768x791.jpeg 768w, https:\/\/stern.xn--rnr-cma7d.se\/wp-content\/uploads\/2025\/12\/Messenger_creation_EED2598A-AC4E-4D5A-BD4C-1E9A27EE020F-1491x1536.jpeg 1491w, https:\/\/stern.xn--rnr-cma7d.se\/wp-content\/uploads\/2025\/12\/Messenger_creation_EED2598A-AC4E-4D5A-BD4C-1E9A27EE020F-1988x2048.jpeg 1988w, https:\/\/stern.xn--rnr-cma7d.se\/wp-content\/uploads\/2025\/12\/Messenger_creation_EED2598A-AC4E-4D5A-BD4C-1E9A27EE020F.jpeg 2047w\" sizes=\"auto, (max-width: 994px) 100vw, 994px\" \/><\/figure>\n<\/div>\n\n\n<p><\/p>\n","protected":false},"excerpt":{"rendered":"<p>S\u00e5 trevligt att ni n\u00e5tts av den chockerande nyheten om v\u00e5r stundande vigsel! Vem hade kunnat ana? Nu st\u00e5r vi i alla fall inf\u00f6r den stora dagen d\u00e5 vi ska lova varandra evig k\u00e4rlek inf\u00f6r de viktigaste personerna i v\u00e5ra liv. Det \u00e4r d\u00e4r ni kommer in i bilden.&nbsp; M\u00e5nga tips har inkommit ang\u00e5ende hur&#8230;<\/p>\n","protected":false},"author":1,"featured_media":0,"parent":0,"menu_order":1,"comment_status":"closed","ping_status":"closed","template":"","meta":{"_kad_post_transparent":"","_kad_post_title":"","_kad_post_layout":"","_kad_post_sidebar_id":"","_kad_post_content_style":"","_kad_post_vertical_padding":"","_kad_post_feature":"","_kad_post_feature_position":"","_kad_post_header":false,"_kad_post_footer":false,"_kad_post_classname":"","footnotes":""},"class_list":["post-23","page","type-page","status-publish","hentry"],"yoast_head":"<!-- This site is optimized with the Yoast SEO plugin v27.4 - https:\/\/yoast.com\/product\/yoast-seo-wordpress\/ -->\n<title>V\u00e4lkommen! - Alva &amp; Erik<\/title>\n<meta name=\"robots\" content=\"index, follow, max-snippet:-1, max-image-preview:large, max-video-preview:-1\" \/>\n<link rel=\"canonical\" href=\"https:\/\/stern.xn--rnr-cma7d.se\/\" \/>\n<meta property=\"og:locale\" content=\"sv_SE\" \/>\n<meta property=\"og:type\" content=\"article\" \/>\n<meta property=\"og:title\" content=\"V\u00e4lkommen! - Alva &amp; Erik\" \/>\n<meta property=\"og:description\" content=\"S\u00e5 trevligt att ni n\u00e5tts av den chockerande nyheten om v\u00e5r stundande vigsel! Vem hade kunnat ana? Nu st\u00e5r vi i alla fall inf\u00f6r den stora dagen d\u00e5 vi ska lova varandra evig k\u00e4rlek inf\u00f6r de viktigaste personerna i v\u00e5ra liv. Det \u00e4r d\u00e4r ni kommer in i bilden.&nbsp; M\u00e5nga tips har inkommit ang\u00e5ende hur...\" \/>\n<meta property=\"og:url\" content=\"https:\/\/stern.xn--rnr-cma7d.se\/\" \/>\n<meta property=\"og:site_name\" content=\"Alva &amp; Erik\" \/>\n<meta property=\"article:modified_time\" content=\"2026-02-06T14:53:48+00:00\" \/>\n<meta property=\"og:image\" content=\"https:\/\/stern.xn--rnr-cma7d.se\/wp-content\/uploads\/2025\/12\/Messenger_creation_EED2598A-AC4E-4D5A-BD4C-1E9A27EE020F.jpeg\" \/>\n\t<meta property=\"og:image:width\" content=\"2047\" \/>\n\t<meta property=\"og:image:height\" content=\"2109\" \/>\n\t<meta property=\"og:image:type\" content=\"image\/jpeg\" \/>\n<meta name=\"twitter:card\" content=\"summary_large_image\" \/>\n<meta name=\"twitter:label1\" content=\"Ber\u00e4knad l\u00e4stid\" \/>\n\t<meta name=\"twitter:data1\" content=\"1 minut\" \/>\n<script type=\"application\/ld+json\" class=\"yoast-schema-graph\">{\"@context\":\"https:\\\/\\\/schema.org\",\"@graph\":[{\"@type\":\"WebPage\",\"@id\":\"https:\\\/\\\/stern.xn--rnr-cma7d.se\\\/\",\"url\":\"https:\\\/\\\/stern.xn--rnr-cma7d.se\\\/\",\"name\":\"V\u00e4lkommen! - Alva &amp; Erik\",\"isPartOf\":{\"@id\":\"https:\\\/\\\/stern.xn--rnr-cma7d.se\\\/#website\"},\"primaryImageOfPage\":{\"@id\":\"https:\\\/\\\/stern.xn--rnr-cma7d.se\\\/#primaryimage\"},\"image\":{\"@id\":\"https:\\\/\\\/stern.xn--rnr-cma7d.se\\\/#primaryimage\"},\"thumbnailUrl\":\"https:\\\/\\\/stern.xn--rnr-cma7d.se\\\/wp-content\\\/uploads\\\/2025\\\/12\\\/Messenger_creation_EED2598A-AC4E-4D5A-BD4C-1E9A27EE020F-994x1024.jpeg\",\"datePublished\":\"2025-11-05T15:59:23+00:00\",\"dateModified\":\"2026-02-06T14:53:48+00:00\",\"breadcrumb\":{\"@id\":\"https:\\\/\\\/stern.xn--rnr-cma7d.se\\\/#breadcrumb\"},\"inLanguage\":\"sv-SE\",\"potentialAction\":[{\"@type\":\"ReadAction\",\"target\":[\"https:\\\/\\\/stern.xn--rnr-cma7d.se\\\/\"]}]},{\"@type\":\"ImageObject\",\"inLanguage\":\"sv-SE\",\"@id\":\"https:\\\/\\\/stern.xn--rnr-cma7d.se\\\/#primaryimage\",\"url\":\"https:\\\/\\\/stern.xn--rnr-cma7d.se\\\/wp-content\\\/uploads\\\/2025\\\/12\\\/Messenger_creation_EED2598A-AC4E-4D5A-BD4C-1E9A27EE020F.jpeg\",\"contentUrl\":\"https:\\\/\\\/stern.xn--rnr-cma7d.se\\\/wp-content\\\/uploads\\\/2025\\\/12\\\/Messenger_creation_EED2598A-AC4E-4D5A-BD4C-1E9A27EE020F.jpeg\",\"width\":2047,\"height\":2109},{\"@type\":\"BreadcrumbList\",\"@id\":\"https:\\\/\\\/stern.xn--rnr-cma7d.se\\\/#breadcrumb\",\"itemListElement\":[{\"@type\":\"ListItem\",\"position\":1,\"name\":\"Hem\",\"item\":\"https:\\\/\\\/stern.xn--rnr-cma7d.se\\\/\"},{\"@type\":\"ListItem\",\"position\":2,\"name\":\"V\u00e4lkommen!\"}]},{\"@type\":\"WebSite\",\"@id\":\"https:\\\/\\\/stern.xn--rnr-cma7d.se\\\/#website\",\"url\":\"https:\\\/\\\/stern.xn--rnr-cma7d.se\\\/\",\"name\":\"Alva &amp; Erik\",\"description\":\"25 april 2026\",\"publisher\":{\"@id\":\"https:\\\/\\\/stern.xn--rnr-cma7d.se\\\/#organization\"},\"potentialAction\":[{\"@type\":\"SearchAction\",\"target\":{\"@type\":\"EntryPoint\",\"urlTemplate\":\"https:\\\/\\\/stern.xn--rnr-cma7d.se\\\/?s={search_term_string}\"},\"query-input\":{\"@type\":\"PropertyValueSpecification\",\"valueRequired\":true,\"valueName\":\"search_term_string\"}}],\"inLanguage\":\"sv-SE\"},{\"@type\":\"Organization\",\"@id\":\"https:\\\/\\\/stern.xn--rnr-cma7d.se\\\/#organization\",\"name\":\"Alva &amp; Erik\",\"url\":\"https:\\\/\\\/stern.xn--rnr-cma7d.se\\\/\",\"logo\":{\"@type\":\"ImageObject\",\"inLanguage\":\"sv-SE\",\"@id\":\"https:\\\/\\\/stern.xn--rnr-cma7d.se\\\/#\\\/schema\\\/logo\\\/image\\\/\",\"url\":\"https:\\\/\\\/stern.xn--rnr-cma7d.se\\\/wp-content\\\/uploads\\\/2025\\\/12\\\/Messenger_creation_1BCCD7C7-6E31-44F4-BA8D-420F342B8197.jpeg\",\"contentUrl\":\"https:\\\/\\\/stern.xn--rnr-cma7d.se\\\/wp-content\\\/uploads\\\/2025\\\/12\\\/Messenger_creation_1BCCD7C7-6E31-44F4-BA8D-420F342B8197.jpeg\",\"width\":2048,\"height\":2039,\"caption\":\"Alva &amp; Erik\"},\"image\":{\"@id\":\"https:\\\/\\\/stern.xn--rnr-cma7d.se\\\/#\\\/schema\\\/logo\\\/image\\\/\"}}]}<\/script>\n<!-- \/ Yoast SEO plugin. -->","yoast_head_json":{"title":"V\u00e4lkommen! - Alva &amp; Erik","robots":{"index":"index","follow":"follow","max-snippet":"max-snippet:-1","max-image-preview":"max-image-preview:large","max-video-preview":"max-video-preview:-1"},"canonical":"https:\/\/stern.xn--rnr-cma7d.se\/","og_locale":"sv_SE","og_type":"article","og_title":"V\u00e4lkommen! - Alva &amp; Erik","og_description":"S\u00e5 trevligt att ni n\u00e5tts av den chockerande nyheten om v\u00e5r stundande vigsel! Vem hade kunnat ana? Nu st\u00e5r vi i alla fall inf\u00f6r den stora dagen d\u00e5 vi ska lova varandra evig k\u00e4rlek inf\u00f6r de viktigaste personerna i v\u00e5ra liv. Det \u00e4r d\u00e4r ni kommer in i bilden.&nbsp; M\u00e5nga tips har inkommit ang\u00e5ende hur...","og_url":"https:\/\/stern.xn--rnr-cma7d.se\/","og_site_name":"Alva &amp; Erik","article_modified_time":"2026-02-06T14:53:48+00:00","og_image":[{"width":2047,"height":2109,"url":"https:\/\/stern.xn--rnr-cma7d.se\/wp-content\/uploads\/2025\/12\/Messenger_creation_EED2598A-AC4E-4D5A-BD4C-1E9A27EE020F.jpeg","type":"image\/jpeg"}],"twitter_card":"summary_large_image","twitter_misc":{"Ber\u00e4knad l\u00e4stid":"1 minut"},"schema":{"@context":"https:\/\/schema.org","@graph":[{"@type":"WebPage","@id":"https:\/\/stern.xn--rnr-cma7d.se\/","url":"https:\/\/stern.xn--rnr-cma7d.se\/","name":"V\u00e4lkommen! - Alva &amp; Erik","isPartOf":{"@id":"https:\/\/stern.xn--rnr-cma7d.se\/#website"},"primaryImageOfPage":{"@id":"https:\/\/stern.xn--rnr-cma7d.se\/#primaryimage"},"image":{"@id":"https:\/\/stern.xn--rnr-cma7d.se\/#primaryimage"},"thumbnailUrl":"https:\/\/stern.xn--rnr-cma7d.se\/wp-content\/uploads\/2025\/12\/Messenger_creation_EED2598A-AC4E-4D5A-BD4C-1E9A27EE020F-994x1024.jpeg","datePublished":"2025-11-05T15:59:23+00:00","dateModified":"2026-02-06T14:53:48+00:00","breadcrumb":{"@id":"https:\/\/stern.xn--rnr-cma7d.se\/#breadcrumb"},"inLanguage":"sv-SE","potentialAction":[{"@type":"ReadAction","target":["https:\/\/stern.xn--rnr-cma7d.se\/"]}]},{"@type":"ImageObject","inLanguage":"sv-SE","@id":"https:\/\/stern.xn--rnr-cma7d.se\/#primaryimage","url":"https:\/\/stern.xn--rnr-cma7d.se\/wp-content\/uploads\/2025\/12\/Messenger_creation_EED2598A-AC4E-4D5A-BD4C-1E9A27EE020F.jpeg","contentUrl":"https:\/\/stern.xn--rnr-cma7d.se\/wp-content\/uploads\/2025\/12\/Messenger_creation_EED2598A-AC4E-4D5A-BD4C-1E9A27EE020F.jpeg","width":2047,"height":2109},{"@type":"BreadcrumbList","@id":"https:\/\/stern.xn--rnr-cma7d.se\/#breadcrumb","itemListElement":[{"@type":"ListItem","position":1,"name":"Hem","item":"https:\/\/stern.xn--rnr-cma7d.se\/"},{"@type":"ListItem","position":2,"name":"V\u00e4lkommen!"}]},{"@type":"WebSite","@id":"https:\/\/stern.xn--rnr-cma7d.se\/#website","url":"https:\/\/stern.xn--rnr-cma7d.se\/","name":"Alva &amp; Erik","description":"25 april 2026","publisher":{"@id":"https:\/\/stern.xn--rnr-cma7d.se\/#organization"},"potentialAction":[{"@type":"SearchAction","target":{"@type":"EntryPoint","urlTemplate":"https:\/\/stern.xn--rnr-cma7d.se\/?s={search_term_string}"},"query-input":{"@type":"PropertyValueSpecification","valueRequired":true,"valueName":"search_term_string"}}],"inLanguage":"sv-SE"},{"@type":"Organization","@id":"https:\/\/stern.xn--rnr-cma7d.se\/#organization","name":"Alva &amp; Erik","url":"https:\/\/stern.xn--rnr-cma7d.se\/","logo":{"@type":"ImageObject","inLanguage":"sv-SE","@id":"https:\/\/stern.xn--rnr-cma7d.se\/#\/schema\/logo\/image\/","url":"https:\/\/stern.xn--rnr-cma7d.se\/wp-content\/uploads\/2025\/12\/Messenger_creation_1BCCD7C7-6E31-44F4-BA8D-420F342B8197.jpeg","contentUrl":"https:\/\/stern.xn--rnr-cma7d.se\/wp-content\/uploads\/2025\/12\/Messenger_creation_1BCCD7C7-6E31-44F4-BA8D-420F342B8197.jpeg","width":2048,"height":2039,"caption":"Alva &amp; Erik"},"image":{"@id":"https:\/\/stern.xn--rnr-cma7d.se\/#\/schema\/logo\/image\/"}}]}},"_links":{"self":[{"href":"https:\/\/stern.xn--rnr-cma7d.se\/index.php\/wp-json\/wp\/v2\/pages\/23","targetHints":{"allow":["GET"]}}],"collection":[{"href":"https:\/\/stern.xn--rnr-cma7d.se\/index.php\/wp-json\/wp\/v2\/pages"}],"about":[{"href":"https:\/\/stern.xn--rnr-cma7d.se\/index.php\/wp-json\/wp\/v2\/types\/page"}],"author":[{"embeddable":true,"href":"https:\/\/stern.xn--rnr-cma7d.se\/index.php\/wp-json\/wp\/v2\/users\/1"}],"replies":[{"embeddable":true,"href":"https:\/\/stern.xn--rnr-cma7d.se\/index.php\/wp-json\/wp\/v2\/comments?post=23"}],"version-history":[{"count":31,"href":"https:\/\/stern.xn--rnr-cma7d.se\/index.php\/wp-json\/wp\/v2\/pages\/23\/revisions"}],"predecessor-version":[{"id":267,"href":"https:\/\/stern.xn--rnr-cma7d.se\/index.php\/wp-json\/wp\/v2\/pages\/23\/revisions\/267"}],"wp:attachment":[{"href":"https:\/\/stern.xn--rnr-cma7d.se\/index.php\/wp-json\/wp\/v2\/media?parent=23"}],"curies":[{"name":"wp","href":"https:\/\/api.w.org\/{rel}","templated":true}]}}