{"id":2,"date":"2025-10-29T13:08:36","date_gmt":"2025-10-29T13:08:36","guid":{"rendered":"https:\/\/stern.xn--rnr-cma7d.se\/?page_id=2"},"modified":"2026-02-06T14:53:21","modified_gmt":"2026-02-06T14:53:21","slug":"sample-page","status":"publish","type":"page","link":"https:\/\/stern.xn--rnr-cma7d.se\/index.php\/sample-page\/","title":{"rendered":"OSA"},"content":{"rendered":"\n<p>Alla har svarat, s\u00e5 nu \u00e5terst\u00e5r bara festen!<\/p>\n","protected":false},"excerpt":{"rendered":"<p>Alla har svarat, s\u00e5 nu \u00e5terst\u00e5r bara festen!<\/p>\n","protected":false},"author":1,"featured_media":0,"parent":0,"menu_order":2,"comment_status":"closed","ping_status":"open","template":"","meta":{"_kad_post_transparent":"","_kad_post_title":"","_kad_post_layout":"","_kad_post_sidebar_id":"","_kad_post_content_style":"","_kad_post_vertical_padding":"","_kad_post_feature":"","_kad_post_feature_position":"","_kad_post_header":false,"_kad_post_footer":false,"_kad_post_classname":"","footnotes":""},"class_list":["post-2","page","type-page","status-publish","hentry"],"yoast_head":"<!-- This site is optimized with the Yoast SEO plugin v27.4 - https:\/\/yoast.com\/product\/yoast-seo-wordpress\/ -->\n<title>OSA - Alva &amp; Erik<\/title>\n<meta name=\"robots\" content=\"index, follow, max-snippet:-1, max-image-preview:large, max-video-preview:-1\" \/>\n<link rel=\"canonical\" href=\"https:\/\/stern.xn--rnr-cma7d.se\/index.php\/sample-page\/\" \/>\n<meta property=\"og:locale\" content=\"sv_SE\" \/>\n<meta property=\"og:type\" content=\"article\" \/>\n<meta property=\"og:title\" content=\"OSA - Alva &amp; Erik\" \/>\n<meta property=\"og:description\" content=\"Alla har svarat, s\u00e5 nu \u00e5terst\u00e5r bara festen!\" \/>\n<meta property=\"og:url\" content=\"https:\/\/stern.xn--rnr-cma7d.se\/index.php\/sample-page\/\" \/>\n<meta property=\"og:site_name\" content=\"Alva &amp; Erik\" \/>\n<meta property=\"article:modified_time\" content=\"2026-02-06T14:53:21+00:00\" \/>\n<meta name=\"twitter:card\" content=\"summary_large_image\" \/>\n<meta name=\"twitter:label1\" content=\"Ber\u00e4knad l\u00e4stid\" \/>\n\t<meta name=\"twitter:data1\" content=\"1 minut\" \/>\n<script type=\"application\/ld+json\" class=\"yoast-schema-graph\">{\"@context\":\"https:\\\/\\\/schema.org\",\"@graph\":[{\"@type\":\"WebPage\",\"@id\":\"https:\\\/\\\/stern.xn--rnr-cma7d.se\\\/index.php\\\/sample-page\\\/\",\"url\":\"https:\\\/\\\/stern.xn--rnr-cma7d.se\\\/index.php\\\/sample-page\\\/\",\"name\":\"OSA - Alva &amp; Erik\",\"isPartOf\":{\"@id\":\"https:\\\/\\\/stern.xn--rnr-cma7d.se\\\/#website\"},\"datePublished\":\"2025-10-29T13:08:36+00:00\",\"dateModified\":\"2026-02-06T14:53:21+00:00\",\"breadcrumb\":{\"@id\":\"https:\\\/\\\/stern.xn--rnr-cma7d.se\\\/index.php\\\/sample-page\\\/#breadcrumb\"},\"inLanguage\":\"sv-SE\",\"potentialAction\":[{\"@type\":\"ReadAction\",\"target\":[\"https:\\\/\\\/stern.xn--rnr-cma7d.se\\\/index.php\\\/sample-page\\\/\"]}]},{\"@type\":\"BreadcrumbList\",\"@id\":\"https:\\\/\\\/stern.xn--rnr-cma7d.se\\\/index.php\\\/sample-page\\\/#breadcrumb\",\"itemListElement\":[{\"@type\":\"ListItem\",\"position\":1,\"name\":\"Hem\",\"item\":\"https:\\\/\\\/stern.xn--rnr-cma7d.se\\\/\"},{\"@type\":\"ListItem\",\"position\":2,\"name\":\"OSA\"}]},{\"@type\":\"WebSite\",\"@id\":\"https:\\\/\\\/stern.xn--rnr-cma7d.se\\\/#website\",\"url\":\"https:\\\/\\\/stern.xn--rnr-cma7d.se\\\/\",\"name\":\"Alva &amp; Erik\",\"description\":\"25 april 2026\",\"publisher\":{\"@id\":\"https:\\\/\\\/stern.xn--rnr-cma7d.se\\\/#organization\"},\"potentialAction\":[{\"@type\":\"SearchAction\",\"target\":{\"@type\":\"EntryPoint\",\"urlTemplate\":\"https:\\\/\\\/stern.xn--rnr-cma7d.se\\\/?s={search_term_string}\"},\"query-input\":{\"@type\":\"PropertyValueSpecification\",\"valueRequired\":true,\"valueName\":\"search_term_string\"}}],\"inLanguage\":\"sv-SE\"},{\"@type\":\"Organization\",\"@id\":\"https:\\\/\\\/stern.xn--rnr-cma7d.se\\\/#organization\",\"name\":\"Alva &amp; Erik\",\"url\":\"https:\\\/\\\/stern.xn--rnr-cma7d.se\\\/\",\"logo\":{\"@type\":\"ImageObject\",\"inLanguage\":\"sv-SE\",\"@id\":\"https:\\\/\\\/stern.xn--rnr-cma7d.se\\\/#\\\/schema\\\/logo\\\/image\\\/\",\"url\":\"https:\\\/\\\/stern.xn--rnr-cma7d.se\\\/wp-content\\\/uploads\\\/2025\\\/12\\\/Messenger_creation_1BCCD7C7-6E31-44F4-BA8D-420F342B8197.jpeg\",\"contentUrl\":\"https:\\\/\\\/stern.xn--rnr-cma7d.se\\\/wp-content\\\/uploads\\\/2025\\\/12\\\/Messenger_creation_1BCCD7C7-6E31-44F4-BA8D-420F342B8197.jpeg\",\"width\":2048,\"height\":2039,\"caption\":\"Alva &amp; Erik\"},\"image\":{\"@id\":\"https:\\\/\\\/stern.xn--rnr-cma7d.se\\\/#\\\/schema\\\/logo\\\/image\\\/\"}}]}<\/script>\n<!-- \/ Yoast SEO plugin. -->","yoast_head_json":{"title":"OSA - Alva &amp; Erik","robots":{"index":"index","follow":"follow","max-snippet":"max-snippet:-1","max-image-preview":"max-image-preview:large","max-video-preview":"max-video-preview:-1"},"canonical":"https:\/\/stern.xn--rnr-cma7d.se\/index.php\/sample-page\/","og_locale":"sv_SE","og_type":"article","og_title":"OSA - Alva &amp; Erik","og_description":"Alla har svarat, s\u00e5 nu \u00e5terst\u00e5r bara festen!","og_url":"https:\/\/stern.xn--rnr-cma7d.se\/index.php\/sample-page\/","og_site_name":"Alva &amp; Erik","article_modified_time":"2026-02-06T14:53:21+00:00","twitter_card":"summary_large_image","twitter_misc":{"Ber\u00e4knad l\u00e4stid":"1 minut"},"schema":{"@context":"https:\/\/schema.org","@graph":[{"@type":"WebPage","@id":"https:\/\/stern.xn--rnr-cma7d.se\/index.php\/sample-page\/","url":"https:\/\/stern.xn--rnr-cma7d.se\/index.php\/sample-page\/","name":"OSA - Alva &amp; Erik","isPartOf":{"@id":"https:\/\/stern.xn--rnr-cma7d.se\/#website"},"datePublished":"2025-10-29T13:08:36+00:00","dateModified":"2026-02-06T14:53:21+00:00","breadcrumb":{"@id":"https:\/\/stern.xn--rnr-cma7d.se\/index.php\/sample-page\/#breadcrumb"},"inLanguage":"sv-SE","potentialAction":[{"@type":"ReadAction","target":["https:\/\/stern.xn--rnr-cma7d.se\/index.php\/sample-page\/"]}]},{"@type":"BreadcrumbList","@id":"https:\/\/stern.xn--rnr-cma7d.se\/index.php\/sample-page\/#breadcrumb","itemListElement":[{"@type":"ListItem","position":1,"name":"Hem","item":"https:\/\/stern.xn--rnr-cma7d.se\/"},{"@type":"ListItem","position":2,"name":"OSA"}]},{"@type":"WebSite","@id":"https:\/\/stern.xn--rnr-cma7d.se\/#website","url":"https:\/\/stern.xn--rnr-cma7d.se\/","name":"Alva &amp; Erik","description":"25 april 2026","publisher":{"@id":"https:\/\/stern.xn--rnr-cma7d.se\/#organization"},"potentialAction":[{"@type":"SearchAction","target":{"@type":"EntryPoint","urlTemplate":"https:\/\/stern.xn--rnr-cma7d.se\/?s={search_term_string}"},"query-input":{"@type":"PropertyValueSpecification","valueRequired":true,"valueName":"search_term_string"}}],"inLanguage":"sv-SE"},{"@type":"Organization","@id":"https:\/\/stern.xn--rnr-cma7d.se\/#organization","name":"Alva &amp; Erik","url":"https:\/\/stern.xn--rnr-cma7d.se\/","logo":{"@type":"ImageObject","inLanguage":"sv-SE","@id":"https:\/\/stern.xn--rnr-cma7d.se\/#\/schema\/logo\/image\/","url":"https:\/\/stern.xn--rnr-cma7d.se\/wp-content\/uploads\/2025\/12\/Messenger_creation_1BCCD7C7-6E31-44F4-BA8D-420F342B8197.jpeg","contentUrl":"https:\/\/stern.xn--rnr-cma7d.se\/wp-content\/uploads\/2025\/12\/Messenger_creation_1BCCD7C7-6E31-44F4-BA8D-420F342B8197.jpeg","width":2048,"height":2039,"caption":"Alva &amp; Erik"},"image":{"@id":"https:\/\/stern.xn--rnr-cma7d.se\/#\/schema\/logo\/image\/"}}]}},"_links":{"self":[{"href":"https:\/\/stern.xn--rnr-cma7d.se\/index.php\/wp-json\/wp\/v2\/pages\/2","targetHints":{"allow":["GET"]}}],"collection":[{"href":"https:\/\/stern.xn--rnr-cma7d.se\/index.php\/wp-json\/wp\/v2\/pages"}],"about":[{"href":"https:\/\/stern.xn--rnr-cma7d.se\/index.php\/wp-json\/wp\/v2\/types\/page"}],"author":[{"embeddable":true,"href":"https:\/\/stern.xn--rnr-cma7d.se\/index.php\/wp-json\/wp\/v2\/users\/1"}],"replies":[{"embeddable":true,"href":"https:\/\/stern.xn--rnr-cma7d.se\/index.php\/wp-json\/wp\/v2\/comments?post=2"}],"version-history":[{"count":14,"href":"https:\/\/stern.xn--rnr-cma7d.se\/index.php\/wp-json\/wp\/v2\/pages\/2\/revisions"}],"predecessor-version":[{"id":266,"href":"https:\/\/stern.xn--rnr-cma7d.se\/index.php\/wp-json\/wp\/v2\/pages\/2\/revisions\/266"}],"wp:attachment":[{"href":"https:\/\/stern.xn--rnr-cma7d.se\/index.php\/wp-json\/wp\/v2\/media?parent=2"}],"curies":[{"name":"wp","href":"https:\/\/api.w.org\/{rel}","templated":true}]}}