{"id":183,"date":"2025-12-10T21:12:46","date_gmt":"2025-12-10T21:12:46","guid":{"rendered":"https:\/\/stern.xn--rnr-cma7d.se\/?page_id=183"},"modified":"2025-12-10T22:04:18","modified_gmt":"2025-12-10T22:04:18","slug":"allman-information","status":"publish","type":"page","link":"https:\/\/stern.xn--rnr-cma7d.se\/index.php\/allman-information\/","title":{"rendered":"Allm\u00e4n information"},"content":{"rendered":"\n<h4 class=\"wp-block-heading has-text-align-center has-theme-palette-3-color has-text-color has-link-color wp-elements-cd776eb405cfd2a29295ab4d11786fce\">Vigsel<\/h4>\n\n\n\n<p class=\"has-text-align-center has-black-color has-text-color has-link-color wp-elements-3c080475b6882599ec9396200782e56b\">Vigseln \u00e4ger rum i Sankt Pauli kyrka i Malm\u00f6 kl 13.00 den 25 april.<\/p>\n\n\n\n<p class=\"has-text-align-center has-black-color has-text-color has-link-color wp-elements-e4279008c547506961ff900103e989ad\" style=\"font-size:16px\"><strong>Vill du sjunga p\u00e5 vigseln?<\/strong><br>Ut\u00f6ver psalmer och solistnummer kommer vi \u00e4ven ha en v\u00e4nner och familj-k\u00f6r som sjunger under vigseln, ett enkelt arr till ackompanjemang. K\u00f6ren ses p\u00e5 dagen, en timme innan vigseln (klockan 12), f\u00f6r att repa. Vill du vara med i k\u00f6ren? Anm\u00e4l i OSAn!<\/p>\n\n\n\n<h4 class=\"wp-block-heading has-text-align-center has-theme-palette-3-color has-text-color has-link-color wp-elements-8bed155b1aa525900a05922f6604bfb9\" style=\"line-height:1.5\">\u00d6vriga h\u00e5lltider under helgen<\/h4>\n\n\n\n<p class=\"has-text-align-center has-theme-palette-3-color has-text-color has-link-color wp-elements-8346995308d499274c4a65a0723d6536\"><strong>14.30<\/strong> Mingel i orangeriet p\u00e5 Holman\u00e4s g\u00e5rd.<br><strong>17.00<\/strong> Middag f\u00f6ljt av fest.<br><strong>Morgonen efter<\/strong>, frukost 9.30 p\u00e5 Holman\u00e4s f\u00f6r de som vill.<\/p>\n\n\n\n<h4 class=\"wp-block-heading has-text-align-center has-theme-palette-3-color has-text-color has-link-color wp-elements-7bd48645a924ca37fa3a255b246f4d61\">Transport till Holman\u00e4s<\/h4>\n\n\n\n<p class=\"has-text-align-center has-black-color has-text-color has-link-color wp-elements-ac5249265203d44f0d3e213f20dc9118\" style=\"text-transform:none\">Efter vigseln tar vi oss ut till Holman\u00e4s g\u00e5rd d\u00e4r vi kommer vara resten av dagen. Det \u00e4r ca 25 minuters bilresa. Till er som inte k\u00f6r eller sam\u00e5ker bil kommer det abonneras en buss ut till festlokalen. F\u00f6r transport hem efter festen, ring till exempel <a href=\"https:\/\/vellingetaxi.se\/\" target=\"_blank\" rel=\"noreferrer noopener\">Vellinge Taxi<\/a> eller <a href=\"https:\/\/taxis\u00f6der.se\/\" target=\"_blank\" rel=\"noreferrer noopener\">Taxi S\u00f6der<\/a>.<\/p>\n\n\n\n<h4 class=\"wp-block-heading has-text-align-center has-theme-palette-3-color has-text-color has-link-color wp-elements-f6a3af26a25c5d1a70491e8f6fd178e9\">Present?<\/h4>\n\n\n\n<p class=\"has-text-align-center has-black-color has-text-color has-link-color wp-elements-0c95b7ab7b294a6c51f8b41f9055647a\">Presenten \u00e4r att ni kommer och firar med oss! Vi \u00f6nskar oss inget mer \u00e4n s\u00e5.&nbsp;Om ni trots detta vill ge oss n\u00e5gonting, var god kom ih\u00e5g att vi bor p\u00e5 36 kvadratmeter och inte f\u00e5r plats med en enda pinal till i hemmet!<\/p>\n\n\n\n<h4 class=\"wp-block-heading has-text-align-center has-theme-palette-3-color has-text-color has-link-color wp-elements-43ede55680b18f0887d82d75a495a9ef\">Kl\u00e4dkod<\/h4>\n\n\n\n<p class=\"has-text-align-center has-theme-palette-3-color has-text-color has-link-color wp-elements-bc7858d8a4ee4223135d892ed172513d\">F\u00e4rgstarkt, enligt snittet m\u00f6rk kostym. Sj\u00e4lvklart f\u00e5r man ha folkdr\u00e4kt!<br>T\u00e4nk p\u00e5 att dagen innefattar b\u00e5de utomhusaktivitet och h\u00f6gst obligatorisk folkdans.<\/p>\n\n\n\n<h4 class=\"wp-block-heading has-text-align-center has-theme-palette-3-color has-text-color has-link-color wp-elements-5a51f4ae18c0d2bcb32a4e1da9eca2af\">Boende<\/h4>\n\n\n\n<p class=\"has-text-align-center has-theme-palette-3-color has-text-color has-link-color wp-elements-1867d1e3418461766ee46e6d371c3582\" style=\"margin-top:0;margin-bottom:0;line-height:1.5\">Holman\u00e4s g\u00e5rd ligger mellan H\u00f6llviken och Trelleborg, och vill ni bo p\u00e5 ett n\u00e4rliggande hotell \u00e4r n\u00e5gra alternativ: <\/p>\n\n\n\n<p class=\"has-text-align-center has-theme-palette-3-color has-text-color has-link-color wp-elements-12e2d674f6eed722dd8171dca0bccfc4\" style=\"margin-top:0;margin-bottom:0;line-height:1.5\"><br>\u2022 <a href=\"https:\/\/strandvillan.com\/\" target=\"_blank\" rel=\"noreferrer noopener\">Strandvillan Ljunghusen<\/a> i H\u00f6llviken<br>\u2022 <a href=\"https:\/\/www.dannegarden.se\/\" target=\"_blank\" rel=\"noreferrer noopener\">Danneg\u00e5rden<\/a> i Trelleborg<br>\u2022 <a href=\"https:\/\/www.palmtreehotel.se\" target=\"_blank\" rel=\"noreferrer noopener\">Palm Tree Hotel<\/a> i Trelleborg<\/p>\n\n\n\n<h4 class=\"wp-block-heading has-text-align-center has-theme-palette-3-color has-text-color has-link-color wp-elements-679fbde6b2fa81cef70229a8b072deda\">Barnfritt br\u00f6llop<\/h4>\n\n\n\n<p class=\"has-text-align-center has-theme-palette-3-color has-text-color has-link-color wp-elements-afcddd3dc60688746a0dd6d2c403e156\">Vi \u00e4lskar era barn, men vill fira denna dag med endast vuxna.<\/p>\n","protected":false},"excerpt":{"rendered":"<p>Vigsel Vigseln \u00e4ger rum i Sankt Pauli kyrka i Malm\u00f6 kl 13.00 den 25 april. Vill du sjunga p\u00e5 vigseln?Ut\u00f6ver psalmer och solistnummer kommer vi \u00e4ven ha en v\u00e4nner och familj-k\u00f6r som sjunger under vigseln, ett enkelt arr till ackompanjemang. K\u00f6ren ses p\u00e5 dagen, en timme innan vigseln (klockan 12), f\u00f6r att repa. Vill du&#8230;<\/p>\n","protected":false},"author":1,"featured_media":0,"parent":0,"menu_order":2,"comment_status":"closed","ping_status":"closed","template":"","meta":{"_kad_post_transparent":"","_kad_post_title":"","_kad_post_layout":"","_kad_post_sidebar_id":"","_kad_post_content_style":"","_kad_post_vertical_padding":"","_kad_post_feature":"","_kad_post_feature_position":"","_kad_post_header":false,"_kad_post_footer":false,"_kad_post_classname":"","footnotes":""},"class_list":["post-183","page","type-page","status-publish","hentry"],"yoast_head":"<!-- This site is optimized with the Yoast SEO plugin v27.4 - https:\/\/yoast.com\/product\/yoast-seo-wordpress\/ -->\n<title>Allm\u00e4n information - Alva &amp; Erik<\/title>\n<meta name=\"robots\" content=\"index, follow, max-snippet:-1, max-image-preview:large, max-video-preview:-1\" \/>\n<link rel=\"canonical\" href=\"https:\/\/stern.xn--rnr-cma7d.se\/index.php\/allman-information\/\" \/>\n<meta property=\"og:locale\" content=\"sv_SE\" \/>\n<meta property=\"og:type\" content=\"article\" \/>\n<meta property=\"og:title\" content=\"Allm\u00e4n information - Alva &amp; Erik\" \/>\n<meta property=\"og:description\" content=\"Vigsel Vigseln \u00e4ger rum i Sankt Pauli kyrka i Malm\u00f6 kl 13.00 den 25 april. Vill du sjunga p\u00e5 vigseln?Ut\u00f6ver psalmer och solistnummer kommer vi \u00e4ven ha en v\u00e4nner och familj-k\u00f6r som sjunger under vigseln, ett enkelt arr till ackompanjemang. K\u00f6ren ses p\u00e5 dagen, en timme innan vigseln (klockan 12), f\u00f6r att repa. Vill du...\" \/>\n<meta property=\"og:url\" content=\"https:\/\/stern.xn--rnr-cma7d.se\/index.php\/allman-information\/\" \/>\n<meta property=\"og:site_name\" content=\"Alva &amp; Erik\" \/>\n<meta property=\"article:modified_time\" content=\"2025-12-10T22:04:18+00:00\" \/>\n<meta name=\"twitter:card\" content=\"summary_large_image\" \/>\n<meta name=\"twitter:label1\" content=\"Ber\u00e4knad l\u00e4stid\" \/>\n\t<meta name=\"twitter:data1\" content=\"2 minuter\" \/>\n<script type=\"application\/ld+json\" class=\"yoast-schema-graph\">{\"@context\":\"https:\\\/\\\/schema.org\",\"@graph\":[{\"@type\":\"WebPage\",\"@id\":\"https:\\\/\\\/stern.xn--rnr-cma7d.se\\\/index.php\\\/allman-information\\\/\",\"url\":\"https:\\\/\\\/stern.xn--rnr-cma7d.se\\\/index.php\\\/allman-information\\\/\",\"name\":\"Allm\u00e4n information - Alva &amp; Erik\",\"isPartOf\":{\"@id\":\"https:\\\/\\\/stern.xn--rnr-cma7d.se\\\/#website\"},\"datePublished\":\"2025-12-10T21:12:46+00:00\",\"dateModified\":\"2025-12-10T22:04:18+00:00\",\"breadcrumb\":{\"@id\":\"https:\\\/\\\/stern.xn--rnr-cma7d.se\\\/index.php\\\/allman-information\\\/#breadcrumb\"},\"inLanguage\":\"sv-SE\",\"potentialAction\":[{\"@type\":\"ReadAction\",\"target\":[\"https:\\\/\\\/stern.xn--rnr-cma7d.se\\\/index.php\\\/allman-information\\\/\"]}]},{\"@type\":\"BreadcrumbList\",\"@id\":\"https:\\\/\\\/stern.xn--rnr-cma7d.se\\\/index.php\\\/allman-information\\\/#breadcrumb\",\"itemListElement\":[{\"@type\":\"ListItem\",\"position\":1,\"name\":\"Hem\",\"item\":\"https:\\\/\\\/stern.xn--rnr-cma7d.se\\\/\"},{\"@type\":\"ListItem\",\"position\":2,\"name\":\"Allm\u00e4n information\"}]},{\"@type\":\"WebSite\",\"@id\":\"https:\\\/\\\/stern.xn--rnr-cma7d.se\\\/#website\",\"url\":\"https:\\\/\\\/stern.xn--rnr-cma7d.se\\\/\",\"name\":\"Alva &amp; Erik\",\"description\":\"25 april 2026\",\"publisher\":{\"@id\":\"https:\\\/\\\/stern.xn--rnr-cma7d.se\\\/#organization\"},\"potentialAction\":[{\"@type\":\"SearchAction\",\"target\":{\"@type\":\"EntryPoint\",\"urlTemplate\":\"https:\\\/\\\/stern.xn--rnr-cma7d.se\\\/?s={search_term_string}\"},\"query-input\":{\"@type\":\"PropertyValueSpecification\",\"valueRequired\":true,\"valueName\":\"search_term_string\"}}],\"inLanguage\":\"sv-SE\"},{\"@type\":\"Organization\",\"@id\":\"https:\\\/\\\/stern.xn--rnr-cma7d.se\\\/#organization\",\"name\":\"Alva &amp; Erik\",\"url\":\"https:\\\/\\\/stern.xn--rnr-cma7d.se\\\/\",\"logo\":{\"@type\":\"ImageObject\",\"inLanguage\":\"sv-SE\",\"@id\":\"https:\\\/\\\/stern.xn--rnr-cma7d.se\\\/#\\\/schema\\\/logo\\\/image\\\/\",\"url\":\"https:\\\/\\\/stern.xn--rnr-cma7d.se\\\/wp-content\\\/uploads\\\/2025\\\/12\\\/Messenger_creation_1BCCD7C7-6E31-44F4-BA8D-420F342B8197.jpeg\",\"contentUrl\":\"https:\\\/\\\/stern.xn--rnr-cma7d.se\\\/wp-content\\\/uploads\\\/2025\\\/12\\\/Messenger_creation_1BCCD7C7-6E31-44F4-BA8D-420F342B8197.jpeg\",\"width\":2048,\"height\":2039,\"caption\":\"Alva &amp; Erik\"},\"image\":{\"@id\":\"https:\\\/\\\/stern.xn--rnr-cma7d.se\\\/#\\\/schema\\\/logo\\\/image\\\/\"}}]}<\/script>\n<!-- \/ Yoast SEO plugin. -->","yoast_head_json":{"title":"Allm\u00e4n information - Alva &amp; Erik","robots":{"index":"index","follow":"follow","max-snippet":"max-snippet:-1","max-image-preview":"max-image-preview:large","max-video-preview":"max-video-preview:-1"},"canonical":"https:\/\/stern.xn--rnr-cma7d.se\/index.php\/allman-information\/","og_locale":"sv_SE","og_type":"article","og_title":"Allm\u00e4n information - Alva &amp; Erik","og_description":"Vigsel Vigseln \u00e4ger rum i Sankt Pauli kyrka i Malm\u00f6 kl 13.00 den 25 april. Vill du sjunga p\u00e5 vigseln?Ut\u00f6ver psalmer och solistnummer kommer vi \u00e4ven ha en v\u00e4nner och familj-k\u00f6r som sjunger under vigseln, ett enkelt arr till ackompanjemang. K\u00f6ren ses p\u00e5 dagen, en timme innan vigseln (klockan 12), f\u00f6r att repa. Vill du...","og_url":"https:\/\/stern.xn--rnr-cma7d.se\/index.php\/allman-information\/","og_site_name":"Alva &amp; Erik","article_modified_time":"2025-12-10T22:04:18+00:00","twitter_card":"summary_large_image","twitter_misc":{"Ber\u00e4knad l\u00e4stid":"2 minuter"},"schema":{"@context":"https:\/\/schema.org","@graph":[{"@type":"WebPage","@id":"https:\/\/stern.xn--rnr-cma7d.se\/index.php\/allman-information\/","url":"https:\/\/stern.xn--rnr-cma7d.se\/index.php\/allman-information\/","name":"Allm\u00e4n information - Alva &amp; Erik","isPartOf":{"@id":"https:\/\/stern.xn--rnr-cma7d.se\/#website"},"datePublished":"2025-12-10T21:12:46+00:00","dateModified":"2025-12-10T22:04:18+00:00","breadcrumb":{"@id":"https:\/\/stern.xn--rnr-cma7d.se\/index.php\/allman-information\/#breadcrumb"},"inLanguage":"sv-SE","potentialAction":[{"@type":"ReadAction","target":["https:\/\/stern.xn--rnr-cma7d.se\/index.php\/allman-information\/"]}]},{"@type":"BreadcrumbList","@id":"https:\/\/stern.xn--rnr-cma7d.se\/index.php\/allman-information\/#breadcrumb","itemListElement":[{"@type":"ListItem","position":1,"name":"Hem","item":"https:\/\/stern.xn--rnr-cma7d.se\/"},{"@type":"ListItem","position":2,"name":"Allm\u00e4n information"}]},{"@type":"WebSite","@id":"https:\/\/stern.xn--rnr-cma7d.se\/#website","url":"https:\/\/stern.xn--rnr-cma7d.se\/","name":"Alva &amp; Erik","description":"25 april 2026","publisher":{"@id":"https:\/\/stern.xn--rnr-cma7d.se\/#organization"},"potentialAction":[{"@type":"SearchAction","target":{"@type":"EntryPoint","urlTemplate":"https:\/\/stern.xn--rnr-cma7d.se\/?s={search_term_string}"},"query-input":{"@type":"PropertyValueSpecification","valueRequired":true,"valueName":"search_term_string"}}],"inLanguage":"sv-SE"},{"@type":"Organization","@id":"https:\/\/stern.xn--rnr-cma7d.se\/#organization","name":"Alva &amp; Erik","url":"https:\/\/stern.xn--rnr-cma7d.se\/","logo":{"@type":"ImageObject","inLanguage":"sv-SE","@id":"https:\/\/stern.xn--rnr-cma7d.se\/#\/schema\/logo\/image\/","url":"https:\/\/stern.xn--rnr-cma7d.se\/wp-content\/uploads\/2025\/12\/Messenger_creation_1BCCD7C7-6E31-44F4-BA8D-420F342B8197.jpeg","contentUrl":"https:\/\/stern.xn--rnr-cma7d.se\/wp-content\/uploads\/2025\/12\/Messenger_creation_1BCCD7C7-6E31-44F4-BA8D-420F342B8197.jpeg","width":2048,"height":2039,"caption":"Alva &amp; Erik"},"image":{"@id":"https:\/\/stern.xn--rnr-cma7d.se\/#\/schema\/logo\/image\/"}}]}},"_links":{"self":[{"href":"https:\/\/stern.xn--rnr-cma7d.se\/index.php\/wp-json\/wp\/v2\/pages\/183","targetHints":{"allow":["GET"]}}],"collection":[{"href":"https:\/\/stern.xn--rnr-cma7d.se\/index.php\/wp-json\/wp\/v2\/pages"}],"about":[{"href":"https:\/\/stern.xn--rnr-cma7d.se\/index.php\/wp-json\/wp\/v2\/types\/page"}],"author":[{"embeddable":true,"href":"https:\/\/stern.xn--rnr-cma7d.se\/index.php\/wp-json\/wp\/v2\/users\/1"}],"replies":[{"embeddable":true,"href":"https:\/\/stern.xn--rnr-cma7d.se\/index.php\/wp-json\/wp\/v2\/comments?post=183"}],"version-history":[{"count":12,"href":"https:\/\/stern.xn--rnr-cma7d.se\/index.php\/wp-json\/wp\/v2\/pages\/183\/revisions"}],"predecessor-version":[{"id":227,"href":"https:\/\/stern.xn--rnr-cma7d.se\/index.php\/wp-json\/wp\/v2\/pages\/183\/revisions\/227"}],"wp:attachment":[{"href":"https:\/\/stern.xn--rnr-cma7d.se\/index.php\/wp-json\/wp\/v2\/media?parent=183"}],"curies":[{"name":"wp","href":"https:\/\/api.w.org\/{rel}","templated":true}]}}