{"id":16,"date":"2025-10-29T14:24:52","date_gmt":"2025-10-29T14:24:52","guid":{"rendered":"https:\/\/stern.xn--rnr-cma7d.se\/?page_id=16"},"modified":"2026-02-06T14:55:09","modified_gmt":"2026-02-06T14:55:09","slug":"testsida","status":"publish","type":"page","link":"https:\/\/stern.xn--rnr-cma7d.se\/index.php\/testsida\/","title":{"rendered":"Information till talare"},"content":{"rendered":"\n<p class=\"has-text-align-center has-black-color has-text-color has-link-color wp-elements-44ae1d886cad30c7ab4d13ec76ec4c98\">Kontakta toastmasters Clara Stern och Karin Sollenby f\u00f6r att anm\u00e4la tal eller spex. <\/p>\n\n\n\n<p class=\"has-text-align-center has-black-color has-text-color has-link-color wp-elements-7852dafad4b13ac746937f64e9e68c69\">Anm\u00e4l senast 4:e april!<\/p>\n\n\n\n<p class=\"has-text-align-center has-black-color has-text-color has-link-color wp-elements-76007189a5aa1dc496187c2cf7b479bc\">Mailadressen \u00e4r&nbsp;<a href=\"mailto:clhaagstern@gmail.com\">clhaagstern@gmail.com<\/a><\/p>\n\n\n\n<h4 class=\"wp-block-heading has-text-align-center has-theme-palette-3-color has-text-color has-link-color wp-elements-709be19b3d41150b157e27683faeddd9\">H\u00e5llpunkter<\/h4>\n\n\n\n<p class=\"has-text-align-center has-theme-palette-3-color has-text-color has-link-color wp-elements-e716a000a46058360c2bdb0388865006\">\u2022 Talen f\u00e5r var max tre minuter l\u00e5nga. Vi ber er ta tid innan det \u00e4r dags.<br>\u2022 Du kan komma att f\u00e5 h\u00e5lla tal direkt f\u00f6re eller efter en annan talare.<br>\u2022 Det kommer inte finnas n\u00e5gon projektor eller m\u00f6jlighet att visa film eller bild.<br>\u2022 Elpiano finns vid f\u00f6rfr\u00e5gan. Vi blir mycket glada f\u00f6r musiknummer!<br>\u2022 Vi undanber oss tal skrivna med hj\u00e4lp av AI.<\/p>\n\n\n\n<p class=\"has-droid-serif-regular-font-family\"><\/p>\n\n\n\n<p><\/p>\n","protected":false},"excerpt":{"rendered":"<p>Kontakta toastmasters Clara Stern och Karin Sollenby f\u00f6r att anm\u00e4la tal eller spex. Anm\u00e4l senast 4:e april! Mailadressen \u00e4r&nbsp;clhaagstern@gmail.com H\u00e5llpunkter \u2022 Talen f\u00e5r var max tre minuter l\u00e5nga. Vi ber er ta tid innan det \u00e4r dags.\u2022 Du kan komma att f\u00e5 h\u00e5lla tal direkt f\u00f6re eller efter en annan talare.\u2022 Det kommer inte finnas&#8230;<\/p>\n","protected":false},"author":1,"featured_media":0,"parent":0,"menu_order":3,"comment_status":"closed","ping_status":"closed","template":"","meta":{"_kad_post_transparent":"","_kad_post_title":"","_kad_post_layout":"","_kad_post_sidebar_id":"","_kad_post_content_style":"","_kad_post_vertical_padding":"","_kad_post_feature":"","_kad_post_feature_position":"","_kad_post_header":false,"_kad_post_footer":false,"_kad_post_classname":"","footnotes":""},"class_list":["post-16","page","type-page","status-publish","hentry"],"yoast_head":"<!-- This site is optimized with the Yoast SEO plugin v27.4 - https:\/\/yoast.com\/product\/yoast-seo-wordpress\/ -->\n<title>Information till talare - Alva &amp; Erik<\/title>\n<meta name=\"robots\" content=\"index, follow, max-snippet:-1, max-image-preview:large, max-video-preview:-1\" \/>\n<link rel=\"canonical\" href=\"https:\/\/stern.xn--rnr-cma7d.se\/index.php\/testsida\/\" \/>\n<meta property=\"og:locale\" content=\"sv_SE\" \/>\n<meta property=\"og:type\" content=\"article\" \/>\n<meta property=\"og:title\" content=\"Information till talare - Alva &amp; Erik\" \/>\n<meta property=\"og:description\" content=\"Kontakta toastmasters Clara Stern och Karin Sollenby f\u00f6r att anm\u00e4la tal eller spex. Anm\u00e4l senast 4:e april! Mailadressen \u00e4r&nbsp;clhaagstern@gmail.com H\u00e5llpunkter \u2022 Talen f\u00e5r var max tre minuter l\u00e5nga. Vi ber er ta tid innan det \u00e4r dags.\u2022 Du kan komma att f\u00e5 h\u00e5lla tal direkt f\u00f6re eller efter en annan talare.\u2022 Det kommer inte finnas...\" \/>\n<meta property=\"og:url\" content=\"https:\/\/stern.xn--rnr-cma7d.se\/index.php\/testsida\/\" \/>\n<meta property=\"og:site_name\" content=\"Alva &amp; Erik\" \/>\n<meta property=\"article:modified_time\" content=\"2026-02-06T14:55:09+00:00\" \/>\n<meta name=\"twitter:card\" content=\"summary_large_image\" \/>\n<meta name=\"twitter:label1\" content=\"Ber\u00e4knad l\u00e4stid\" \/>\n\t<meta name=\"twitter:data1\" content=\"1 minut\" \/>\n<script type=\"application\/ld+json\" class=\"yoast-schema-graph\">{\"@context\":\"https:\\\/\\\/schema.org\",\"@graph\":[{\"@type\":\"WebPage\",\"@id\":\"https:\\\/\\\/stern.xn--rnr-cma7d.se\\\/index.php\\\/testsida\\\/\",\"url\":\"https:\\\/\\\/stern.xn--rnr-cma7d.se\\\/index.php\\\/testsida\\\/\",\"name\":\"Information till talare - Alva &amp; Erik\",\"isPartOf\":{\"@id\":\"https:\\\/\\\/stern.xn--rnr-cma7d.se\\\/#website\"},\"datePublished\":\"2025-10-29T14:24:52+00:00\",\"dateModified\":\"2026-02-06T14:55:09+00:00\",\"breadcrumb\":{\"@id\":\"https:\\\/\\\/stern.xn--rnr-cma7d.se\\\/index.php\\\/testsida\\\/#breadcrumb\"},\"inLanguage\":\"sv-SE\",\"potentialAction\":[{\"@type\":\"ReadAction\",\"target\":[\"https:\\\/\\\/stern.xn--rnr-cma7d.se\\\/index.php\\\/testsida\\\/\"]}]},{\"@type\":\"BreadcrumbList\",\"@id\":\"https:\\\/\\\/stern.xn--rnr-cma7d.se\\\/index.php\\\/testsida\\\/#breadcrumb\",\"itemListElement\":[{\"@type\":\"ListItem\",\"position\":1,\"name\":\"Hem\",\"item\":\"https:\\\/\\\/stern.xn--rnr-cma7d.se\\\/\"},{\"@type\":\"ListItem\",\"position\":2,\"name\":\"Information till talare\"}]},{\"@type\":\"WebSite\",\"@id\":\"https:\\\/\\\/stern.xn--rnr-cma7d.se\\\/#website\",\"url\":\"https:\\\/\\\/stern.xn--rnr-cma7d.se\\\/\",\"name\":\"Alva &amp; Erik\",\"description\":\"25 april 2026\",\"publisher\":{\"@id\":\"https:\\\/\\\/stern.xn--rnr-cma7d.se\\\/#organization\"},\"potentialAction\":[{\"@type\":\"SearchAction\",\"target\":{\"@type\":\"EntryPoint\",\"urlTemplate\":\"https:\\\/\\\/stern.xn--rnr-cma7d.se\\\/?s={search_term_string}\"},\"query-input\":{\"@type\":\"PropertyValueSpecification\",\"valueRequired\":true,\"valueName\":\"search_term_string\"}}],\"inLanguage\":\"sv-SE\"},{\"@type\":\"Organization\",\"@id\":\"https:\\\/\\\/stern.xn--rnr-cma7d.se\\\/#organization\",\"name\":\"Alva &amp; Erik\",\"url\":\"https:\\\/\\\/stern.xn--rnr-cma7d.se\\\/\",\"logo\":{\"@type\":\"ImageObject\",\"inLanguage\":\"sv-SE\",\"@id\":\"https:\\\/\\\/stern.xn--rnr-cma7d.se\\\/#\\\/schema\\\/logo\\\/image\\\/\",\"url\":\"https:\\\/\\\/stern.xn--rnr-cma7d.se\\\/wp-content\\\/uploads\\\/2025\\\/12\\\/Messenger_creation_1BCCD7C7-6E31-44F4-BA8D-420F342B8197.jpeg\",\"contentUrl\":\"https:\\\/\\\/stern.xn--rnr-cma7d.se\\\/wp-content\\\/uploads\\\/2025\\\/12\\\/Messenger_creation_1BCCD7C7-6E31-44F4-BA8D-420F342B8197.jpeg\",\"width\":2048,\"height\":2039,\"caption\":\"Alva &amp; Erik\"},\"image\":{\"@id\":\"https:\\\/\\\/stern.xn--rnr-cma7d.se\\\/#\\\/schema\\\/logo\\\/image\\\/\"}}]}<\/script>\n<!-- \/ Yoast SEO plugin. -->","yoast_head_json":{"title":"Information till talare - Alva &amp; Erik","robots":{"index":"index","follow":"follow","max-snippet":"max-snippet:-1","max-image-preview":"max-image-preview:large","max-video-preview":"max-video-preview:-1"},"canonical":"https:\/\/stern.xn--rnr-cma7d.se\/index.php\/testsida\/","og_locale":"sv_SE","og_type":"article","og_title":"Information till talare - Alva &amp; Erik","og_description":"Kontakta toastmasters Clara Stern och Karin Sollenby f\u00f6r att anm\u00e4la tal eller spex. Anm\u00e4l senast 4:e april! Mailadressen \u00e4r&nbsp;clhaagstern@gmail.com H\u00e5llpunkter \u2022 Talen f\u00e5r var max tre minuter l\u00e5nga. Vi ber er ta tid innan det \u00e4r dags.\u2022 Du kan komma att f\u00e5 h\u00e5lla tal direkt f\u00f6re eller efter en annan talare.\u2022 Det kommer inte finnas...","og_url":"https:\/\/stern.xn--rnr-cma7d.se\/index.php\/testsida\/","og_site_name":"Alva &amp; Erik","article_modified_time":"2026-02-06T14:55:09+00:00","twitter_card":"summary_large_image","twitter_misc":{"Ber\u00e4knad l\u00e4stid":"1 minut"},"schema":{"@context":"https:\/\/schema.org","@graph":[{"@type":"WebPage","@id":"https:\/\/stern.xn--rnr-cma7d.se\/index.php\/testsida\/","url":"https:\/\/stern.xn--rnr-cma7d.se\/index.php\/testsida\/","name":"Information till talare - Alva &amp; Erik","isPartOf":{"@id":"https:\/\/stern.xn--rnr-cma7d.se\/#website"},"datePublished":"2025-10-29T14:24:52+00:00","dateModified":"2026-02-06T14:55:09+00:00","breadcrumb":{"@id":"https:\/\/stern.xn--rnr-cma7d.se\/index.php\/testsida\/#breadcrumb"},"inLanguage":"sv-SE","potentialAction":[{"@type":"ReadAction","target":["https:\/\/stern.xn--rnr-cma7d.se\/index.php\/testsida\/"]}]},{"@type":"BreadcrumbList","@id":"https:\/\/stern.xn--rnr-cma7d.se\/index.php\/testsida\/#breadcrumb","itemListElement":[{"@type":"ListItem","position":1,"name":"Hem","item":"https:\/\/stern.xn--rnr-cma7d.se\/"},{"@type":"ListItem","position":2,"name":"Information till talare"}]},{"@type":"WebSite","@id":"https:\/\/stern.xn--rnr-cma7d.se\/#website","url":"https:\/\/stern.xn--rnr-cma7d.se\/","name":"Alva &amp; Erik","description":"25 april 2026","publisher":{"@id":"https:\/\/stern.xn--rnr-cma7d.se\/#organization"},"potentialAction":[{"@type":"SearchAction","target":{"@type":"EntryPoint","urlTemplate":"https:\/\/stern.xn--rnr-cma7d.se\/?s={search_term_string}"},"query-input":{"@type":"PropertyValueSpecification","valueRequired":true,"valueName":"search_term_string"}}],"inLanguage":"sv-SE"},{"@type":"Organization","@id":"https:\/\/stern.xn--rnr-cma7d.se\/#organization","name":"Alva &amp; Erik","url":"https:\/\/stern.xn--rnr-cma7d.se\/","logo":{"@type":"ImageObject","inLanguage":"sv-SE","@id":"https:\/\/stern.xn--rnr-cma7d.se\/#\/schema\/logo\/image\/","url":"https:\/\/stern.xn--rnr-cma7d.se\/wp-content\/uploads\/2025\/12\/Messenger_creation_1BCCD7C7-6E31-44F4-BA8D-420F342B8197.jpeg","contentUrl":"https:\/\/stern.xn--rnr-cma7d.se\/wp-content\/uploads\/2025\/12\/Messenger_creation_1BCCD7C7-6E31-44F4-BA8D-420F342B8197.jpeg","width":2048,"height":2039,"caption":"Alva &amp; Erik"},"image":{"@id":"https:\/\/stern.xn--rnr-cma7d.se\/#\/schema\/logo\/image\/"}}]}},"_links":{"self":[{"href":"https:\/\/stern.xn--rnr-cma7d.se\/index.php\/wp-json\/wp\/v2\/pages\/16","targetHints":{"allow":["GET"]}}],"collection":[{"href":"https:\/\/stern.xn--rnr-cma7d.se\/index.php\/wp-json\/wp\/v2\/pages"}],"about":[{"href":"https:\/\/stern.xn--rnr-cma7d.se\/index.php\/wp-json\/wp\/v2\/types\/page"}],"author":[{"embeddable":true,"href":"https:\/\/stern.xn--rnr-cma7d.se\/index.php\/wp-json\/wp\/v2\/users\/1"}],"replies":[{"embeddable":true,"href":"https:\/\/stern.xn--rnr-cma7d.se\/index.php\/wp-json\/wp\/v2\/comments?post=16"}],"version-history":[{"count":23,"href":"https:\/\/stern.xn--rnr-cma7d.se\/index.php\/wp-json\/wp\/v2\/pages\/16\/revisions"}],"predecessor-version":[{"id":269,"href":"https:\/\/stern.xn--rnr-cma7d.se\/index.php\/wp-json\/wp\/v2\/pages\/16\/revisions\/269"}],"wp:attachment":[{"href":"https:\/\/stern.xn--rnr-cma7d.se\/index.php\/wp-json\/wp\/v2\/media?parent=16"}],"curies":[{"name":"wp","href":"https:\/\/api.w.org\/{rel}","templated":true}]}}